{"id":1469,"date":"2021-05-31T14:23:10","date_gmt":"2021-05-31T11:23:10","guid":{"rendered":"https:\/\/gocamp.dev.sdhost.eu\/kasutustingimused\/"},"modified":"2021-07-02T14:32:57","modified_gmt":"2021-07-02T11:32:57","slug":"usloviya-polzovaniya","status":"publish","type":"page","link":"https:\/\/gocamp.ee\/ru\/usloviya-polzovaniya\/","title":{"rendered":"\u0423\u0441\u043b\u043e\u0432\u0438\u044f \u043f\u043e\u043b\u044c\u0437\u043e\u0432\u0430\u043d\u0438\u044f"},"content":{"rendered":"<section class=\"wpb-content-wrapper\"><p>[vc_row][vc_column][vc_column_text]<\/p>\n<h2>Konto loomine<\/h2>\n<p>Et kuulutusi gocamp.ee lehele sisestada ning neid hallata, tuleks Sul k\u00f5igepealt registreeruda kasutajaks. Kontoga liitumiseks vajuta paremal \u00fclal asuvale nupule &#8220;Logi sisse&#8221; ning avaneva lehe all servas on link &#8220;Liitu&#8221;. Sellele lingile vajutades avaneb vorm &#8220;Liitu tasuta&#8221;. Sul tuleb t\u00e4ita k\u00f5ik lahtrid ning sisestada kaks korda parool, millega hakkad edaspidi gocamp.ee kontole sisse logima. Kui k\u00f5ik on valmis, vajuta j\u00e4tkamiseks &#8220;Registreeri&#8221;. Sinu e-mailile saabub kiri, milles olevale kinnituslingile vajutades kinnitad gocamp.ee kasutajakonto. Kui k\u00f5ik see on tehtud, v\u00f5idki logida oma gocamp.ee kontole sisse ning asuda kuulutusi lisama.<br \/>\nKui oled oma kasutajakonto parooli unustanud, saad siit tellida oma e-mailile lingi, mille kaudu saad m\u00e4\u00e4rata uue parooli: kaotasin parooli<\/p>\n<h2>Kuulutuse lisamine<\/h2>\n<p>Kuulutust on v\u00f5imalik lisada nii l\u00e4bi gocamp.ee konto. Selleks vajuta &#8220;Lisa kuulutus&#8221;. Kui Sa oled registreerunud gocamp.ee kasutaja, tuleks k\u00f5igepealt logida kontole sisse ja seej\u00e4rel vajutada &#8220;Lisa kuulutus&#8221; ning v\u00f5idki asuda kuulutuse andmeid sisestama.<\/p>\n<h2>Kuulutuse muutmine<\/h2>\n<p>Avaldatud kuulutust saad igal ajal muuta logides sisse oma gocamp.ee kasutajakontole. Pealkirja all &#8220;Kuulutused&#8221; n\u00e4ed oma aktiivseid kuulutusi ning saad muuta kuulutuse sisu vajutades &#8220;Muuda&#8221;, muuta fotosid vajutades &#8220;Muuda pilte&#8221; ning tellida juurde lisateenuseid vajutades &#8220;Tee n\u00e4htavaks&#8221;.<\/p>\n<h2>Kuulutuse kustutamine<\/h2>\n<p>Kuulutuse kustutamiseks tuleb Sul logida oma gocamp.ee kontole sisse ning pealkirja all &#8220;Kuulutused&#8221; n\u00e4ed k\u00f5iki oma aktiivseid kuulutusi. Valides &#8220;Kustuta kuulutus&#8221;, see kuulutus eemaldatakse koheselt.<\/p>\n<h2>Kuulutamise reeglid<\/h2>\n<p><strong>Teenused.<\/strong> Teenused, mille kohta avaldatakse kuulutusi, peavad vastama Eestis asjaomasele tegevusharule kehtivatele seadustele ja eeskirjadele.<\/p>\n<p><strong>Kirjeldus.<\/strong> Kuulutuse pealkiri peab kirjeldama kaupa v\u00f5i teenust ega tohi sisaldada ettev\u00f5tete nimesid ega linke teistele v\u00f5rguk\u00fclgedele. Kaupa v\u00f5i teenust tuleb kirjeldada kuulutuse tekstis, ainult lingi lisamine teisele v\u00f5rguk\u00fcljele ei ole lubatud. Kuulutuse teksti kopeerimine teistest kuulutustest ei ole lubatud, kuulutustele kehtib autori\u00f5iguse seadus.<\/p>\n<p><strong>Liigitamine.<\/strong> Kuulutus tuleb liigitada sellise rubriigi alla, mis kirjeldab k\u00f5ige paremini Sinu kaupa v\u00f5i teenust (kuulutus v\u00f5idakse p\u00e4rast selle v\u00f5imalikku kontrollimist \u00fcmber t\u00f5sta sobiva rubriigi alla).<\/p>\n<p><strong>Ainult \u00fcks s\u00f5iduk v\u00f5i eluase kuulutuse kohta.<\/strong> \u00dchte kuulutusse ei ole lubatud lisada \u00fcle \u00fche mootors\u00f5iduki v\u00f5i eluaseme, v\u00e4lja arvatud vahetusi puudutavad kuulutused (nt kaks \u00fche vastu).<\/p>\n<p><strong>Samasisulised kuulutused.<\/strong> \u00dche ja sama kauba v\u00f5i teenuse kohta ei ole lubatud avaldada korraga mitut kuulutust. Enne uue kuulutuse sisestamist tuleb vana kustutada. Samuti ei ole \u00fche ja sama kauba v\u00f5i teenuse kuulutust lubatud avaldada korraga mitmes piirkonnas v\u00f5i enam kui \u00fche rubriigi all.<\/p>\n<p><strong>Lingid ja viited.<\/strong> Kuulutusse lisatud lingid peavad olema kuulutuse kauba v\u00f5i teenusega seotud. Lingile kehtivad \u00fcldiselt samad reeglid, mis kuulutusele. Lubatud ei ole teisele kuulutuste- v\u00f5i oksjonilehele suunava lingi v\u00f5i viite lisamine. Kinnisvara rubriigi kuulutustele on lubatud lisada linke maaklerite kuulutuste juurde. Lubatud ei ole lingid ega viited v\u00f5rguk\u00fclgedele, millel avaldatav oluline teave on seotud liikmelisusega v\u00f5i muul viisil salas\u00f5naga kaitstud.<\/p>\n<p><strong>Pildid ja videod.<\/strong> Kuulutusele lisatavad pildid ja videod peavad olema seotud kuulutuse kauba v\u00f5i teenusega (nt s\u00f5idukikuulutusele lisatav pilt peab kujutama kuulutuse objektiks olevat s\u00f5idukit). Teistest kuulutustest v\u00f5etud pilte ega videoid ei tohi kasutada ilma autori n\u00f5usolekuta. Piltidel ei ole lubatud viidata teisele oksjoni- v\u00f5i kuulutustelehele.<\/p>\n<p><strong>Ebaseaduslik kaup.<\/strong> Kuulutusi kaupade kohta, mille m\u00fc\u00fcmine ei ole Eesti seaduste j\u00e4rgi lubatud, ei avaldata.<\/p>\n<p><strong>Solvava sisuga kuulutused.<\/strong> Kuulutused, mis v\u00f5ivad m\u00f5juda solvavalt rahvusr\u00fchmadele, \u00fcksikisikutele v\u00f5i avaliku elu tegelasele, ei ole lubatud. Solvava iseloomuga piltide ja videote kasutamine ei ole lubatud.<\/p>\n<p><strong>Keelatud kaubad ja teenused.<\/strong> GoCamp on kehtestanud piirangud teatud t\u00fc\u00fcpi kaupadele ja teenustele, mille kuulutusi ei avaldata.<\/p>\n<p><strong>Ebareaalsed pakkumised.<\/strong> GoCamp j\u00e4tab endale \u00f5iguse otsustada, milliseid pakkumisi v\u00f5ib lugeda ebareaalseks.<\/p>\n<h2>\u00dcldtingimused<\/h2>\n<p><strong>Vastutus.<\/strong> Kuulutuse esitaja vastutab isiklikult oma kuulutuse eest. GoCamp ei vastuta kuulutuses avaldatud kauba ega teenuse eest. Kuulutuse esitaja annab n\u00f5usoleku kuulutuse sisu avaldamiseks GoCamp koost\u00f6\u00f6partnerite v\u00f5rguk\u00fclgedel samade reeglite alusel, mis kehtivad kuulutusele selle avaldamisel GoCamp.<\/p>\n<p><strong>Autori\u00f5igus.<\/strong> K\u00f5ik varalised \u00f5igused kuulutuse tekstile ja pildile loovutatakse GoCamp.<\/p>\n<p><strong>H\u00fcvitamine.<\/strong> GoCamp ei vastuta kuulutusele vastuste saatmata j\u00e4tmisest v\u00f5i vastuste hilinemisest tingitud kahju eest.<\/p>\n<p><strong>Vesim\u00e4rgid.<\/strong> Pildid avaldatakse vesim\u00e4rgiga. Sellega takistatakse piltide kasutamist ilma kuulutuse esitaja loata muuks otstarbeks.<\/p>\n<p><strong>Isikuandmed.<\/strong> GoCamp abistab \u00f5iguskaitseorganeid ja teisi v\u00e4\u00e4rteomenetlejaid teabega kuulutustes ilmnevate seaduserikkumiste kohta. Kuulutuse esitanud v\u00f5i kuulutusele vastanud isiku saab kindlaks teha internetiteenuse pakkuja abil, kasutades selleks nt registreeritud IP-aadressi.<\/p>\n<p><strong>E-post.<\/strong> Isegi kui teid on kuulutusega seoses v\u00f5imalik k\u00e4tte saada ainult telefoni teel, mille numbri lisate kuulutuse teksti, on e-posti aadressi esitamine kuulutuse avaldamiseks kohustuslik.<\/p>\n<h2>KASUTAJALEPING<\/h2>\n<p>gocamp.ee<\/p>\n<p><strong>MWSolar O\u00dc<\/strong>, registrikood 16172128, aadress Raud\u00fcrdi tee 82, Maardu, Harjumaa, 74117 (edaspidi MWSolar) haldab kuulutuste portaali www.gocamp.ee (edaspidi\u00a0<strong>\u201ePortaal\u201c<\/strong>), mis v\u00f5imaldab kasutajatel rentida ja pakkuda rendile matkaautosid, haagised ja kinnisvara.<\/p>\n<p><strong>\u201eKasutaja\u201c<\/strong>\u00a0v\u00f5i\u00a0<strong>\u201eteie\u201c<\/strong>\u00a0t\u00e4hendab f\u00fc\u00fcsilist v\u00f5i juriidilist isikut, kes on registreerinud ennast Portaali kasutajaks v\u00f5i kasutab Portaali ilma eraldi kasutajakonto loomiseta. Kasutajaleping ning selles toodud tingimused kehtivad nii registreeritud kasutajatele, kui ka isikutele, kes kasutavad Portaali kasutajakontot omamata. Kasutajalepinguga n\u00f5ustumisel ja\/v\u00f5i Portaali kasutamisega kinnitab Kasutaja, et on kasutajalepingu t\u00e4helepanelikult l\u00e4bi lugenud ning n\u00f5ustub sellega, et kasutajaleping on teile siduv. Kasutajalepinguga n\u00f5ustumisel, muutuvad need teie ja MWSolar vahel s\u00f5lmitud siduvaks lepinguks (<strong>\u201eLeping\u201c<\/strong>), mis reguleerib Portaali teenuse osutamist.<\/p>\n<p><strong>1. PORTAALI TEENUS<\/strong><\/p>\n<p>1.1. MWSolar pakub Portaali Kasutajatele teenust, mis v\u00f5imaldab avaldada Portaalis rendikuulutusi, sirvida Portaalis avaldatud kuulutusi ning kasutada muid Portaalis pakutavaid lisateenuseid. \u00dcldreegli kohaselt l\u00e4htutakse Portaalis kuulutuste kuvamisel ajalisest j\u00e4rjestusest, s.t. ajaliselt hilisem kuulutus saab j\u00e4rjekoha ajaliselt varem esitatud kuulutuse ees. Portaalis avaldatud kuulutuse muutmisel v\u00f5i t\u00e4iendamisel Kasutaja poolt saab kuulutus uue j\u00e4rjekoha vastavalt muutmise ja\/v\u00f5i t\u00e4iendamise p\u00e4evale. Lisaks on Kasutajal v\u00f5imalik tasu eest osta kuulutusele t\u00e4ht, mis annab kuulutusele j\u00e4rjekoha ilma t\u00e4heta kuulutuste ees. T\u00e4htetega t\u00e4histatud kuulutuste loetelus saab kuulutus, millel on t\u00e4hti rohkem, j\u00e4rjekoha v\u00e4hem t\u00e4htetega kuulutuse ees. Kui kuulutustel on v\u00f5rdne arv t\u00e4htesid, siis paigutub ettepoole kuulutus, mille t\u00e4hed on ostetud pikemaks ajaks.<\/p>\n<p>1.2. Kuulutuse avaldamiseks peab Kasutaja looma Portaalis kasutajakonto.<\/p>\n<p>1.3. MWSolar j\u00e4tab endale \u00f5iguse kuulutus eemaldada, kui \u00e4rikuulutus on lisatud erakuulutusena.<\/p>\n<p>1.4. Portaalis avaldatud erakuulutus on aktiivne 60 kalendrip\u00e4eva arvates selle avaldamisest. \u00c4rikuulutused on aktiivsed 60 p\u00e4eva v\u00f5i vastavalt Kasutaja poolt valitud \u00e4ripaketi tingimustele.<\/p>\n<p>1.5. Portaalis m\u00fc\u00fcgiks v\u00f5i ostuks kuulutatud eseme m\u00fc\u00fcgi jmt lepingute s\u00f5lmimine toimub Portaaliv\u00e4liselt. Kasutajad s\u00f5lmivad lepingu omavahel ning vastutavad lepingu n\u00f5uetekohase t\u00e4itmise eest. MWSolar ei ole Kasutajate vahel s\u00f5lmitava lepingu pooleks ega v\u00f5ta sellega seoses ostja ega m\u00fc\u00fcja ees kohustusi. Muuhulgas ei ole MWSolar rendi, m\u00fc\u00fcgi- v\u00f5i ostukuulutuse avaldanud Kasutaja agent, maakler, esindaja ega komisjon\u00e4r.<\/p>\n<p>1.6. Portaali vahendusel pakub MWSolar \u00fcksnes rendi v\u00f5i m\u00fc\u00fcgikuulutuste avaldamise platvormi ning seet\u00f5ttu ei vastuta MWSolar Portaalis m\u00fc\u00fcdavate esemete v\u00f5i teenuste omaduste ja kvaliteedi eest, kuulutuses esitatud teabe \u00f5igsuse, t\u00e4psuse, t\u00e4ielikkuse ega aktuaalsuse eest ega Portaali Kasutajate k\u00e4itumise eest.<\/p>\n<p><strong>2. KUULUTUSELE ESITATAVAD N\u00d5UDED<\/strong><\/p>\n<p>2.1. Kasutaja poolt \u00fcles laetud kuulutus ja Kasutaja tegevus peab vastama k\u00e4esoleva Lepingu punktides 2 ja 3 s\u00e4testatud n\u00f5uetele. MWSolar on \u00f5igus j\u00e4tta n\u00f5uetele mittevastav kuulutus Portaalis avaldamata v\u00f5i juba avaldatud kuulutus kustutada. Mitteavaldamise v\u00f5i kustutamise asemel on Maaportaalil vastavalt oma vabale \u00e4ran\u00e4gemisele \u00f5igus (kuid mitte kohustus) kuulutust muuta.<\/p>\n<p>2.2. Portaalis avaldatud kuulutuse pealkiri peab kirjeldama eset v\u00f5i teenust (nt eseme v\u00f5i teenuse nimetust) ja ei tohi sisaldada linke muudele v\u00f5rgulehek\u00fclgedele. Eseme v\u00f5i teenuse t\u00e4psem kirjeldus tuleb esitada kuulutuse tekstiosas. Kuulutuse tekstiosas ei ole lubatud esitada linke, mis suunavad konkureerivatele kuulutuste v\u00f5i oksjoni v\u00f5rgulehtedele, v.a. kinnisvara rubriigi kuulutused v\u00f5i maaportaal.ee\/metsaoksjon.ee keskkonda suunavad kuulutused. Muuhulgas ei v\u00f5i erakuulutus sisaldada reklaami, pildina logo ega eritariifidega telefoninumbreid. \u00dchtlasi on keelatud kuulutuse teksti kopeerimine teise kasutaja kuulutusest.<\/p>\n<p>2.3. Kuulutuse lisamisel tuleb kuulutus liigitada rubriigi alla, mis kirjeldab kuulutuses esitatud eset\/teenust k\u00f5ige paremini. Kui kuulutus on liigitatud valesti, siis on MWSolar \u00f5igus kuulutust \u00fcmber liigitada v\u00f5i kustutada.<\/p>\n<p>2.4. Kasutajal on lubatud avaldada Portaalis \u00fche ja sama eseme v\u00f5i teenuse kohta ainult \u00fcks kuulutus. Seejuures v\u00f5ib avaldatud kuulutus olla seotud \u00fcksnes \u00fche piirkonna ja rubriigiga. Kui Kasutaja soovib lisada sama eseme v\u00f5i teenuse kohta uue kuulutuse, siis tuleb olemasolev kuulutus eelnevalt kustutada.<\/p>\n<p>2.5. Avaldatud kuulutuse muutmisel v\u00f5i uuendamisel ei ole lubatud vahetada v\u00e4lja kuulutuse objekti (s.o. eset v\u00f5i teenust).<\/p>\n<p>2.6. Kasutajal on keelatud avaldada kuulutuses ebat\u00e4pset v\u00f5i eksitavat informatsiooni ning valeandmeid m\u00fc\u00fcgi- v\u00f5i ostuobjekti kohta. Muuhulgas ei tohi avaldatav kuulutus ning selle juurde kuuluvad pildid v\u00f5i videod olla sisult solvavad, \u00e4hvardavad, laimavad, pahatahtlikud, \u00f5hutada f\u00fc\u00fcsilisele v\u00f5i ps\u00fchholoogilisele v\u00e4givallale ega toetada \u00f5igusvastaseid tegevusi.<\/p>\n<p>2.7. Kui kuulutust ei avaldata p\u00f5hjusel, et kuulutus ei vasta k\u00e4esolevas punktis esitatud n\u00f5uetele, siis ei tagastata Kasutajale kuulutuse avaldamise eest makstud tasu. Nimetatud juhul v\u00f5imaldab Maaportaal Kasutajal avaldada uue kuulutuse ilma t\u00e4iendava tasu maksmiseta.<\/p>\n<p>2.8. Kuulutuse n\u00f5uetele vastavusest s\u00f5ltumata, ei avalda MWSolar Portaalis kuulutusi allj\u00e4rgnevate esemete ja teenuste kohta:<\/p>\n<p>2.8.1. Esemed, mille m\u00fc\u00fcmine ei ole kohalduvate \u00f5igusaktide kohaselt lubatud (nt piraatkoopiad);<br \/>\n2.8.2. Alkohol, narkootilised ained, tubaka- ja nikotiinitooted (sh e-sigaretid, vesipiibud);<br \/>\n2.8.3. Relvad, p\u00fcrotehnika;<br \/>\n2.8.4. Kasiino- ja m\u00e4nguautomaadid;<br \/>\n2.8.5. S\u00f5idukite dokumendid;<br \/>\n2.8.6. V\u00f5rkturunduse tooted;<br \/>\n2.8.7. Ravimid;<br \/>\n2.8.8. Meditsiinilised teenused ja seadmed (k.a. alternatiivmeditsiin);<br \/>\n2.8.9. Doonorelundid;<br \/>\n2.8.10. Eksootilised loomad ja linnud;<br \/>\n2.8.11. Sagedusel 1,2 GHz t\u00f6\u00f6tavad juhtmevabad kommunikatsioonivahendid;<br \/>\n2.8.12. Teatud keemilised ained (nt elavh\u00f5be);<br \/>\n2.8.13. Muudetud BIOSeta videom\u00e4ngud;<br \/>\n2.8.14. Kiirusem\u00f5\u00f5tja eest hoiatav seade, mobiiltelefoni koodi murdmiseks kasutatav vahend v\u00f5i teenus;<br \/>\n2.8.15. V\u00f5ltsitud m\u00fcndid ja paberraha;<br \/>\n2.8.16. Prillid ja l\u00e4\u00e4tsed (erakuulutuses);<br \/>\n2.8.17. Pornograafilise sisuga kuulutused;<br \/>\n2.8.18. Isetehtud raadio- v\u00f5i telesalvestised;<br \/>\n2.8.19. Solvava sisuga propaganda esemed;<br \/>\n2.8.20. Teatud toidukaubad (nt tuuramari);<br \/>\n2.8.21. Laserkaardikepid, -seadmed (v\u00f5imsusega \u00fcle 5mW);<br \/>\n2.8.22. Toidulisandid (erakuulutustes).<\/p>\n<p>2.9. Kasutaja v\u00f5ib avaldada Portaalis kuulutusi \u00fcksnes selliste esemete ja teenuste kohta, mille m\u00fc\u00fcmiseks on Kasutajal \u00f5igus ja v\u00f5imalus. P\u00f5hjendatud kahtluse olemasolul on Maaportaalil \u00f5igus kustutada sellele n\u00f5udele mittevastavad kuulutused.<\/p>\n<p>2.10. Portaali mis tahes autori\u00f5igustega kaitstud teoste (sh piltide, videote) \u00fcles laadimisel, annab Kasutaja MWSolar tasuta lihtlitsentsi selliste teoste varaliste \u00f5iguste kasutamiseks, sh \u00f5iguse teoseid igal viisil kasutada, lubada ja keelata nende kasutamist Portaalis, reprodutseerida, levitada, t\u00f5lkida, kohandada, lisada teoseid kogumikesse v\u00f5i andmebaasidesse ja edastada \u00fcldsusele. MWSolar il on \u00f5igus esitatud informatsiooni, struktuuri v\u00f5i sisu igal ajal asendada, t\u00e4iustada, kustutada v\u00f5i muul viisil muuta vastavalt oma \u00e4ran\u00e4gemisele. Informatsiooni v\u00f5i materjalide \u00fcles laadimisega Portaali kinnitab Kasutaja, et k\u00f5ik vastava sisuga seotud \u00f5igused, sealhulgas autori\u00f5igused, kuuluvad talle ja tal on k\u00f5ik vajalikud \u00f5igused materjalide avaldamiseks Portaalis.<\/p>\n<p><strong>3. KASUTAJA KINNITUSED, \u00d5IGUSED JA KOHUSTUSED<\/strong><\/p>\n<p>3.1. K\u00e4esoleva Lepinguga n\u00f5ustumisel antakse teile Portaali kasutamiseks piiratud lihtlitsents k\u00e4esolevas Lepingus kirjeldatud alustel. Te m\u00f5istate ja n\u00f5ustute, et Portaali omand ja opereerimis\u00f5igus kuulub \u00fcksnes Maaportaalile. N\u00f5ustute, et Portaali kasutamine ei anna teile omandi\u00f5igust mis tahes Portaali sisu suhtes.<\/p>\n<p>3.2. Kasutaja on kohustatud<\/p>\n<p>3.2.1. Esitama Portaalis registreerimisel t\u00e4ielikke ja t\u00f5eseid andmeid;<br \/>\n3.2.2. J\u00e4rgima Portaali kasutamisel k\u00e4esolevast lepingust tulenevaid tingimusi. Muuhulgas saab Kasutaja aru, et MWSolar il on \u00f5igus igal ajal j\u00e4lgida Portaalis toimuvaid tegevusi, sh j\u00e4lgida Kasutajate toiminguid ning kasutada k\u00f5iki seaduslikke vahendeid Lepingu rikkumise tuvastamiseks;<br \/>\n3.2.3. Tagama, et Portaali kasutamisel esitatud andmed (s.o. eseme kirjeldus, fotod, videod) ei oleks v\u00e4\u00e4rad, eksitavad v\u00f5i ebat\u00e4psed, ei rikuks kolmandate isikute \u00f5igusi (sh intellektuaalsed \u00f5igused) ning ei oleks vastuolus kehtiva \u00f5igusega ja heade kommetega;<br \/>\n3.2.4. Maksma kuulutuse avaldamise eest MWSolar le tasu, kui see on etten\u00e4htud;<br \/>\n3.2.5. Veenduma, et tema poolt Portaalis m\u00fc\u00fcgiks esitatud esemed ja teenused on lubatud;<br \/>\n3.2.6. Tagama, et tema poolt Portaali \u00fcles laetud fotod, failid v\u00f5i mis tahes muud programmid ei sisalda viirusi ja muid arvutiprogramme, mis segavad, kahjustavad v\u00f5i muul viisil h\u00e4irivad Portaali normaalset kasutamist ja\/v\u00f5i mis v\u00f5ivad Portaali kasutamise tulemusena salvestuda Kasutaja arvutisse, segada, kahjustada v\u00f5i muul viisil h\u00e4irida selle normaalset funktsioneerimist.;<\/p>\n<p>3.3. Kasutajal on keelatud<\/p>\n<p>3.3.1. Kasutada Portaali pettuseks v\u00f5i mis tahes muul ebaseaduslikul eesm\u00e4rgil;<br \/>\n3.3.2. Keelitada teisi tegema mis tahes ebaseaduslikke tegusid v\u00f5i neis osalema;<br \/>\n3.3.3. Ahistada, kuritarvitada, solvata, kahjustada laimata, teotada, halvustada, \u00e4hvardada v\u00f5i diskrimineerida soo, seksuaalse s\u00e4ttumuse, religiooni, etnilise kuuluvuse, rassi, vanuse, rahvusliku p\u00e4ritolu v\u00f5i puude alusel;<br \/>\n3.3.4. Saata r\u00e4mpsposti;<br \/>\n3.3.5. Kasutada Portaali ebas\u00fcndsal v\u00f5i ebamoraalsel eesm\u00e4rgil;<br \/>\n3.3.6. \u00dcles laadida v\u00f5i edastada viiruseid v\u00f5i mis tahes muud t\u00fc\u00fcpi pahavara, mida kasutatakse v\u00f5i v\u00f5idakse kasutada viisil, mis m\u00f5jutab Portaali funktsionaalsust v\u00f5i toimimist;<br \/>\n3.3.7. Moodustada andmebaase v\u00f5i nimekirju Portaali kasutajatest \u00fcksk\u00f5ik millisel eesm\u00e4rgil;<br \/>\n3.3.8. Kasutada Portaali, kui Kasutaja ei ole v\u00f5imeline s\u00f5lmima \u00f5iguslikult siduvaid lepinguid (nt olete alla 18-aastane).<\/p>\n<p><strong>5. VASTUTUS JA KAHJU H\u00dcVITAMINE<\/strong><\/p>\n<p>5.1. Portaaliga seoses v\u00f5i selle kaudu k\u00e4ttesaadavaks tehtud sisu, teenus v\u00f5i funktsioonid pakutakse p\u00f5him\u00f5ttel \u201enagu on\u201c ja \u201enagu saadaval\u201c, ilma mis tahes otse v\u00f5i kaudselt v\u00e4ljendatud tagatisteta. MWSolar \u00fctleb lahti k\u00f5igist garantiidest niiv\u00f5rd, kuiv\u00f5rd see on kohaldatava \u00f5iguse alusel v\u00f5imalik.<\/p>\n<p>5.2. MWSolar ei taga ega garanteeri, et Portaal \u00fchildub mis tahes teie poolt kasutatava riist- ja tarkvaraga, on alati k\u00e4ttesaadav v\u00f5i m\u00f5nel konkreetsel ajahetkel k\u00e4ttesaadav, toimib igal ajal katkestusteta, on turvaline v\u00f5i vaba vigadest, vastab teie mistahes vajadustele v\u00f5i on vaba viirustest, h\u00e4iretest, kaitstud h\u00e4kkimiste ja muu turvalisust v\u00e4hendava sissetungimise eest.<\/p>\n<p>5.3. MWSolar ei vastuta muu hulgas, ent mitte \u00fcksnes, j\u00e4rgmiste asjaolude eest:<\/p>\n<p>5.3.1. Portaali v\u00f5i seal pakutava teenuse mis tahes katkestus, seiskumine, peatumine v\u00f5i muu k\u00e4ttesaamatus;<br \/>\n5.3.2. Mis tahes programmivead, viirused, Trooja hobused jms, mida keegi v\u00f5ib Portaalile v\u00f5i seal pakutavale teenusele v\u00f5i nende kaudu edastada,<br \/>\n5.3.3. Mis tahes sisu v\u00f5i andmete kustutamine v\u00f5i v\u00f5imatus sisu v\u00f5i andmeid salvestada;<br \/>\n5.3.4. Mis tahes sisselogimismandaadi avalikustamine, kaotsiminek v\u00f5i lubamatu kasutamine, p\u00f5hjusel, et te pole s\u00e4ilitanud oma mandaadi konfidentsiaalsust;<br \/>\n5.3.5. Portaali poole p\u00f6\u00f6rdumiseks kasutatavate tehniliste vahendite \u00fchildamatus.<\/p>\n<p>5.4. MWSolar ei vastuta \u00fchegi rikkumise eest, mille te olete kolmandate isikute suhtes toime pannud, sh intellektuaalomandi\u00f5iguste rikkumise eest.<\/p>\n<p>5.5. Te n\u00f5ustute h\u00fcvitama meile k\u00f5ik kulud, kahju, n\u00f5uded ja kulutused (sh \u00f5igusabikulud), mis tulenevad otseselt v\u00f5i kaudselt teie poolt toime pandud Lepingu v\u00f5i mis tahes kohaldatava \u00f5igusakti s\u00e4tete rikkumisest.<\/p>\n<p>5.6. MWSolar ei vastuta Kasutaja poolt avaldatud informatsiooni ja kuulutuste t\u00f5ele vastavuse ja seaduslikkuse eest. Seejuures ei vastuta MWSolar kuulutuses esitatud eseme\/teenuse kvaliteedi v\u00f5i kvantiteedi eest.<\/p>\n<p><strong>6. T\u00c4HTAEG, KASUTUS\u00d5IGUSE PEATAMINE, LEPINGUL\u00d5PPEMINE<\/strong><\/p>\n<p>6.1. K\u00e4esolev Leping kehtib t\u00e4htajatult.<br \/>\n6.2. MWSolar on \u00f5igus piirata v\u00f5i peatada Kasutaja ligip\u00e4\u00e4su Portaalile. Ligip\u00e4\u00e4su peatamise v\u00f5i piiramise korral kohustub MWSolar p\u00f5hjendama kirjalikult Kasutajale Portaali kasutamise peatamise v\u00f5i piiramise p\u00f5hjuseid enne selle j\u00f5ustumist. Juhul, kui MWSolar t\u00fchistab Kasutaja Portaali kasutus\u00f5iguse, siis esitab Maaportaal Kasutajale 30 p\u00e4eva enne kasutus\u00f5iguse l\u00f5ppemist kirjalikult kasutus\u00f5iguse l\u00f5petamise p\u00f5hjenduse. MWSolar ei kohustu Portaalile ligip\u00e4\u00e4su l\u00f5petamisel eelnimetatud t\u00e4htaega j\u00e4rgima, kui:<\/p>\n<p>6.2.1. MWSolar kohaldub \u00f5iguslikult siduv kohustus, mis n\u00f5uab, et ta l\u00f5petaks Portaali vahendusel teenuse pakkumise v\u00f5i ta tugineb kasutus\u00f5iguse l\u00f5petamisel seadusele;<br \/>\n6.2.2. Kasutaja on korduvalt rikkunud Lepingut.<\/p>\n<p>6.3. MWSolar il kui ka Kasutajal on \u00f5igus Leping korraliselt l\u00f5petada, edastades teisele poolele sellekohase teate. Sellisel juhul kustutab MWSolar Kasutaja kasutajakonto ning aktiivsed m\u00fc\u00fcgi- ja ostukuulutused (nende olemasolul). Lepingu l\u00f5petamisel ei kuulu kuulutuse avaldamise eest ette tasutud tasud tagastamisele.<\/p>\n<p>6.4. MWSolar il on \u00f5igus Leping erakorraliselt l\u00f5petada, edastades teile sellekohase teate, kui te olete Lepingut oluliselt rikkunud v\u00f5i pole k\u00f5rvaldanud mis tahes Lepingu rikkumist 10 p\u00e4eva jooksul p\u00e4rast seda, kui olete saanud meilt vastava teate.<\/p>\n<p><strong>7. MITMESUGUST<\/strong><\/p>\n<p>7.1. MWSolar j\u00e4tab endale \u00f5iguse k\u00e4esolevas Lepingus s\u00e4testatud tingimusi igal ajal muuta v\u00f5i t\u00e4iendada, teavitades sellest Kasutajaid ette v\u00e4hemalt 15 p\u00e4eva enne muudatuste j\u00f5ustumist Portaali vahendusel v\u00f5i e-posti teel. Kasutajal on \u00f5igus 15 p\u00e4eva jooksul alates muudatuse kohta teate saamisest lepinguline suhe \u00fcles \u00f6elda, kui ta ei ole n\u00f5us tingimuste muutmisega. Kui Kasutaja ei avalda selle aja jooksul taasesitatavas vormis tahet Leping l\u00f5petada, loetakse muudatused j\u00f5ustunuks.<\/p>\n<p>7.2. Asjaolu, et MWSolar ei n\u00f5ua mis tahes s\u00e4tte t\u00e4itmist v\u00f5i ei kasuta m\u00f5nda oma Lepingust tulenevat \u00f5igust, ei t\u00e4henda, et loobuksime edaspidi selle s\u00e4tte t\u00e4itmise n\u00f5udmisest v\u00f5i \u00f5iguse kasutamisest.<\/p>\n<p>7.3. K\u00e4esolevale Lepingule kohaldatakse Eesti Vabariigi \u00f5igust.<\/p>\n<p>7.4. Kasutajal on \u00f5igus esitada MWSolar le kaebus, kui:<\/p>\n<p>7.4.1. Kasutajal on alust arvata, et MWSolar rikub temale \u00f5igusaktidest tulenevaid kohustusi ning rikkumine m\u00f5jutab otseselt kaebaja \u00f5igusi;<br \/>\n7.4.2. Portaali kasutamisel esinevad tehnoloogilised probleemid ning need probleemid m\u00f5jutavad kaebuse esitajat;<br \/>\n7.4.3. MWSolar on piiranud p\u00f5hjendamatult Kasutaja \u00f5igusi v\u00f5i k\u00e4itunud Kasutaja suhtes muul viisil eba\u00f5iglaselt<br \/>\n7.5. Portaali kasutamisest tekkinud vaidlused p\u00fc\u00fctakse lahendada l\u00e4bir\u00e4\u00e4kimiste teel. Kokkuleppe mittesaavutamisel on Kasutajal \u00f5igus p\u00f6\u00f6rduda Tarbijavaidluste komisjoni, ODR keskkonda aadressil\u00a0<a href=\"http:\/\/ec.europa.eu\/odr\">http:\/\/ec.europa.eu\/odr<\/a>\u00a0v\u00f5i Harju Maakohtusse.[\/vc_column_text][\/vc_column][\/vc_row]<\/p>\n<\/section>","protected":false},"excerpt":{"rendered":"<p>[vc_row][vc_column][vc_column_text] Konto loomine Et kuulutusi gocamp.ee lehele sisestada ning neid hallata, tuleks Sul k\u00f5igepealt registreeruda kasutajaks. Kontoga liitumiseks vajuta paremal \u00fclal asuvale nupule &#8220;Logi sisse&#8221; ning avaneva lehe all servas on link &#8220;Liitu&#8221;. Sellele lingile vajutades avaneb vorm &#8220;Liitu tasuta&#8221;. Sul tuleb t\u00e4ita k\u00f5ik lahtrid ning sisestada kaks korda parool, millega hakkad edaspidi gocamp.ee kontole &#8230; <a title=\"\u0423\u0441\u043b\u043e\u0432\u0438\u044f \u043f\u043e\u043b\u044c\u0437\u043e\u0432\u0430\u043d\u0438\u044f\" class=\"read-more\" href=\"https:\/\/gocamp.ee\/ru\/usloviya-polzovaniya\/\" aria-label=\"More on \u0423\u0441\u043b\u043e\u0432\u0438\u044f \u043f\u043e\u043b\u044c\u0437\u043e\u0432\u0430\u043d\u0438\u044f\">Read more<\/a><\/p>\n","protected":false},"author":1,"featured_media":0,"parent":0,"menu_order":0,"comment_status":"closed","ping_status":"closed","template":"","meta":{"footnotes":""},"class_list":["post-1469","page","type-page","status-publish"],"_links":{"self":[{"href":"https:\/\/gocamp.ee\/ru\/wp-json\/wp\/v2\/pages\/1469","targetHints":{"allow":["GET"]}}],"collection":[{"href":"https:\/\/gocamp.ee\/ru\/wp-json\/wp\/v2\/pages"}],"about":[{"href":"https:\/\/gocamp.ee\/ru\/wp-json\/wp\/v2\/types\/page"}],"author":[{"embeddable":true,"href":"https:\/\/gocamp.ee\/ru\/wp-json\/wp\/v2\/users\/1"}],"replies":[{"embeddable":true,"href":"https:\/\/gocamp.ee\/ru\/wp-json\/wp\/v2\/comments?post=1469"}],"version-history":[{"count":4,"href":"https:\/\/gocamp.ee\/ru\/wp-json\/wp\/v2\/pages\/1469\/revisions"}],"predecessor-version":[{"id":1906,"href":"https:\/\/gocamp.ee\/ru\/wp-json\/wp\/v2\/pages\/1469\/revisions\/1906"}],"wp:attachment":[{"href":"https:\/\/gocamp.ee\/ru\/wp-json\/wp\/v2\/media?parent=1469"}],"curies":[{"name":"wp","href":"https:\/\/api.w.org\/{rel}","templated":true}]}}